{"id":903,"date":"2025-10-28T15:09:00","date_gmt":"2025-10-28T14:09:00","guid":{"rendered":"https:\/\/siinalovespot.com\/preguntas-mas-frecuentes\/"},"modified":"2025-11-06T16:22:59","modified_gmt":"2025-11-06T15:22:59","slug":"preguntas-mas-frecuentes","status":"publish","type":"page","link":"https:\/\/siinalovespot.com\/es\/preguntas-mas-frecuentes\/","title":{"rendered":"Preguntas m\u00e1s frecuentes"},"content":{"rendered":"\t\t<div data-elementor-type=\"wp-page\" data-elementor-id=\"903\" class=\"elementor elementor-903 elementor-666\" data-elementor-post-type=\"page\">\n\t\t\t\t<div class=\"elementor-element elementor-element-8eb70a3 e-flex e-con-boxed e-con e-parent\" data-id=\"8eb70a3\" data-element_type=\"container\" data-e-type=\"container\">\n\t\t\t\t\t<div class=\"e-con-inner\">\n\t\t<div class=\"elementor-element elementor-element-ecc1afc e-con-full e-flex e-con e-child\" data-id=\"ecc1afc\" data-element_type=\"container\" data-e-type=\"container\">\n\t\t\t\t<div class=\"elementor-element elementor-element-b97d549 elementor-widget elementor-widget-heading\" data-id=\"b97d549\" data-element_type=\"widget\" data-e-type=\"widget\" data-widget_type=\"heading.default\">\n\t\t\t\t\t<h3 class=\"elementor-heading-title elementor-size-default\">Todo lo que necesita saber<\/h3>\t\t\t\t<\/div>\n\t\t\t\t<div class=\"elementor-element elementor-element-ace421f elementor-widget elementor-widget-heading\" data-id=\"ace421f\" data-element_type=\"widget\" data-e-type=\"widget\" data-widget_type=\"heading.default\">\n\t\t\t\t\t<h1 class=\"elementor-heading-title elementor-size-default\">Preguntas frecuentes<\/h1>\t\t\t\t<\/div>\n\t\t\t\t<div class=\"elementor-element elementor-element-29d4f27 elementor-widget elementor-widget-text-editor\" data-id=\"29d4f27\" data-element_type=\"widget\" data-e-type=\"widget\" data-widget_type=\"text-editor.default\">\n\t\t\t\t\t\t\t\t\t<p>\u00bfTiene alguna pregunta sobre Siinalovespot? Aqu\u00ed encontrar\u00e1 las respuestas a las preguntas m\u00e1s frecuentes. <\/p>\t\t\t\t\t\t\t\t<\/div>\n\t\t\t\t<\/div>\n\t\t<div class=\"elementor-element elementor-element-179dd8b e-con-full e-flex e-con e-child\" data-id=\"179dd8b\" data-element_type=\"container\" data-e-type=\"container\">\n\t\t\t\t<div class=\"elementor-element elementor-element-1f349b0 elementor-widget elementor-widget-image\" data-id=\"1f349b0\" data-element_type=\"widget\" data-e-type=\"widget\" data-widget_type=\"image.default\">\n\t\t\t\t\t\t\t\t\t\t\t\t\t\t\t<img fetchpriority=\"high\" decoding=\"async\" width=\"1080\" height=\"1920\" src=\"https:\/\/siinalovespot.com\/wp-content\/uploads\/1000049740.webp\" class=\"attachment-large size-large wp-image-905\" alt=\"\" srcset=\"https:\/\/siinalovespot.com\/wp-content\/uploads\/1000049740.webp 1080w, https:\/\/siinalovespot.com\/wp-content\/uploads\/1000049740-768x1365.webp 768w\" sizes=\"(max-width: 1080px) 100vw, 1080px\" loading=\"eager\" title=\"\">\t\t\t\t\t\t\t\t\t\t\t\t\t\t\t<\/div>\n\t\t\t\t<\/div>\n\t\t\t\t\t<\/div>\n\t\t\t\t<\/div>\n\t\t<div class=\"elementor-element elementor-element-fa03cac e-flex e-con-boxed e-con e-parent\" data-id=\"fa03cac\" data-element_type=\"container\" data-e-type=\"container\" data-settings=\"{&quot;background_background&quot;:&quot;classic&quot;}\">\n\t\t\t\t\t<div class=\"e-con-inner\">\n\t\t<div class=\"elementor-element elementor-element-698c982 e-con-full e-flex e-con e-child\" data-id=\"698c982\" data-element_type=\"container\" data-e-type=\"container\">\n\t\t\t\t<div class=\"elementor-element elementor-element-f41d1cc elementor-widget elementor-widget-heading\" data-id=\"f41d1cc\" data-element_type=\"widget\" data-e-type=\"widget\" data-widget_type=\"heading.default\">\n\t\t\t\t\t<h3 class=\"elementor-heading-title elementor-size-default\">Preguntas m\u00e1s frecuentes<\/h3>\t\t\t\t<\/div>\n\t\t\t\t<div class=\"elementor-element elementor-element-0278293 elementor-widget elementor-widget-heading\" data-id=\"0278293\" data-element_type=\"widget\" data-e-type=\"widget\" data-widget_type=\"heading.default\">\n\t\t\t\t\t<h2 class=\"elementor-heading-title elementor-size-default\">Preguntas frecuentes<\/h2>\t\t\t\t<\/div>\n\t\t\t\t<div class=\"elementor-element elementor-element-30225f8 elementor-widget elementor-widget-n-accordion\" data-id=\"30225f8\" data-element_type=\"widget\" data-e-type=\"widget\" data-settings=\"{&quot;n_accordion_animation_duration&quot;:{&quot;unit&quot;:&quot;ms&quot;,&quot;size&quot;:200,&quot;sizes&quot;:[]},&quot;default_state&quot;:&quot;all_collapsed&quot;,&quot;max_items_expended&quot;:&quot;one&quot;}\" data-widget_type=\"nested-accordion.default\">\n\t\t\t\t\t\t\t<div class=\"e-n-accordion\" aria-label=\"Accordion. Open links with Enter or Space, close with Escape, and navigate with Arrow Keys\">\n\t\t\t\t\t\t<details id=\"e-n-accordion-item-5040\" class=\"e-n-accordion-item\" >\n\t\t\t\t<summary class=\"e-n-accordion-item-title\" data-accordion-index=\"1\" tabindex=\"0\" aria-expanded=\"false\" aria-controls=\"e-n-accordion-item-5040\" >\n\t\t\t\t\t<span class='e-n-accordion-item-title-header'><div class=\"e-n-accordion-item-title-text\"> \u00bfC\u00f3mo puedo inscribirme en el programa Siinalovespot? <\/div><\/span>\n\t\t\t\t\t\t\t<span class='e-n-accordion-item-title-icon'>\n\t\t\t<span class='e-opened' ><svg aria-hidden=\"true\" class=\"e-font-icon-svg e-fas-minus\" viewBox=\"0 0 448 512\" xmlns=\"http:\/\/www.w3.org\/2000\/svg\"><path d=\"M416 208H32c-17.67 0-32 14.33-32 32v32c0 17.67 14.33 32 32 32h384c17.67 0 32-14.33 32-32v-32c0-17.67-14.33-32-32-32z\"><\/path><\/svg><\/span>\n\t\t\t<span class='e-closed'><svg aria-hidden=\"true\" class=\"e-font-icon-svg e-fas-plus\" viewBox=\"0 0 448 512\" xmlns=\"http:\/\/www.w3.org\/2000\/svg\"><path d=\"M416 208H272V64c0-17.67-14.33-32-32-32h-32c-17.67 0-32 14.33-32 32v144H32c-17.67 0-32 14.33-32 32v32c0 17.67 14.33 32 32 32h144v144c0 17.67 14.33 32 32 32h32c17.67 0 32-14.33 32-32V304h144c17.67 0 32-14.33 32-32v-32c0-17.67-14.33-32-32-32z\"><\/path><\/svg><\/span>\n\t\t<\/span>\n\n\t\t\t\t\t\t<\/summary>\n\t\t\t\t<div role=\"region\" aria-labelledby=\"e-n-accordion-item-5040\" class=\"elementor-element elementor-element-7ed1329 e-con-full e-flex e-con e-child\" data-id=\"7ed1329\" data-element_type=\"container\" data-e-type=\"container\">\n\t\t\t\t<div class=\"elementor-element elementor-element-0d013c8 elementor-widget elementor-widget-text-editor\" data-id=\"0d013c8\" data-element_type=\"widget\" data-e-type=\"widget\" data-widget_type=\"text-editor.default\">\n\t\t\t\t\t\t\t\t\t<p>Inscribirse en el programa Siinalovespot es sencillo y totalmente gratuito. Introduzca sus datos de redes sociales e ind\u00edqueme la mejor manera de ponerme en contacto con usted. Despu\u00e9s de su inscripci\u00f3n, su perfil se examinar\u00e1 con atenci\u00f3n. No recibir\u00e1 una confirmaci\u00f3n autom\u00e1tica, pero al inscribirse da su consentimiento para que nos pongamos en contacto con usted para presentarle en directo a la comunidad de Siinalovespot.   <\/p>\t\t\t\t\t\t\t\t<\/div>\n\t\t\t\t<\/div>\n\t\t\t\t\t<\/details>\n\t\t\t\t\t\t<details id=\"e-n-accordion-item-5041\" class=\"e-n-accordion-item\" >\n\t\t\t\t<summary class=\"e-n-accordion-item-title\" data-accordion-index=\"2\" tabindex=\"-1\" aria-expanded=\"false\" aria-controls=\"e-n-accordion-item-5041\" >\n\t\t\t\t\t<span class='e-n-accordion-item-title-header'><div class=\"e-n-accordion-item-title-text\"> \u00bfC\u00f3mo puedo inscribirme en los paquetes de b\u00fasqueda de pareja? <\/div><\/span>\n\t\t\t\t\t\t\t<span class='e-n-accordion-item-title-icon'>\n\t\t\t<span class='e-opened' ><svg aria-hidden=\"true\" class=\"e-font-icon-svg e-fas-minus\" viewBox=\"0 0 448 512\" xmlns=\"http:\/\/www.w3.org\/2000\/svg\"><path d=\"M416 208H32c-17.67 0-32 14.33-32 32v32c0 17.67 14.33 32 32 32h384c17.67 0 32-14.33 32-32v-32c0-17.67-14.33-32-32-32z\"><\/path><\/svg><\/span>\n\t\t\t<span class='e-closed'><svg aria-hidden=\"true\" class=\"e-font-icon-svg e-fas-plus\" viewBox=\"0 0 448 512\" xmlns=\"http:\/\/www.w3.org\/2000\/svg\"><path d=\"M416 208H272V64c0-17.67-14.33-32-32-32h-32c-17.67 0-32 14.33-32 32v144H32c-17.67 0-32 14.33-32 32v32c0 17.67 14.33 32 32 32h144v144c0 17.67 14.33 32 32 32h32c17.67 0 32-14.33 32-32V304h144c17.67 0 32-14.33 32-32v-32c0-17.67-14.33-32-32-32z\"><\/path><\/svg><\/span>\n\t\t<\/span>\n\n\t\t\t\t\t\t<\/summary>\n\t\t\t\t<div role=\"region\" aria-labelledby=\"e-n-accordion-item-5041\" class=\"elementor-element elementor-element-0bca46f e-con-full e-flex e-con e-child\" data-id=\"0bca46f\" data-element_type=\"container\" data-e-type=\"container\">\n\t\t\t\t<div class=\"elementor-element elementor-element-0abdf21 elementor-widget elementor-widget-text-editor\" data-id=\"0abdf21\" data-element_type=\"widget\" data-e-type=\"widget\" data-widget_type=\"text-editor.default\">\n\t\t\t\t\t\t\t\t\t<p>Inscribirse en un programa de b\u00fasqueda de pareja en Siinalovespot es el primer paso hacia una conexi\u00f3n sincera y duradera. Rellene el formulario de inscripci\u00f3n y seleccione la opci\u00f3n B\u00fasqueda de pareja. En el campo de comentarios puede indicar qu\u00e9 paquete le atrae m\u00e1s o qu\u00e9 expectativas tiene del programa.  <\/p><p>Tras recibir sus datos, me pondr\u00e9 en contacto con usted personalmente para programar una entrevista inicial sin compromiso. Durante esta entrevista, hablaremos de sus deseos, su estilo de vida y las posibilidades que mejor se adapten a usted. <\/p><p>Cada inscripci\u00f3n se trata con atenci\u00f3n y se mantiene estrictamente confidencial.<\/p>\t\t\t\t\t\t\t\t<\/div>\n\t\t\t\t<\/div>\n\t\t\t\t\t<\/details>\n\t\t\t\t\t\t<details id=\"e-n-accordion-item-5042\" class=\"e-n-accordion-item\" >\n\t\t\t\t<summary class=\"e-n-accordion-item-title\" data-accordion-index=\"3\" tabindex=\"-1\" aria-expanded=\"false\" aria-controls=\"e-n-accordion-item-5042\" >\n\t\t\t\t\t<span class='e-n-accordion-item-title-header'><div class=\"e-n-accordion-item-title-text\"> \u00bfC\u00f3mo puedo inscribirme como candidato? <\/div><\/span>\n\t\t\t\t\t\t\t<span class='e-n-accordion-item-title-icon'>\n\t\t\t<span class='e-opened' ><svg aria-hidden=\"true\" class=\"e-font-icon-svg e-fas-minus\" viewBox=\"0 0 448 512\" xmlns=\"http:\/\/www.w3.org\/2000\/svg\"><path d=\"M416 208H32c-17.67 0-32 14.33-32 32v32c0 17.67 14.33 32 32 32h384c17.67 0 32-14.33 32-32v-32c0-17.67-14.33-32-32-32z\"><\/path><\/svg><\/span>\n\t\t\t<span class='e-closed'><svg aria-hidden=\"true\" class=\"e-font-icon-svg e-fas-plus\" viewBox=\"0 0 448 512\" xmlns=\"http:\/\/www.w3.org\/2000\/svg\"><path d=\"M416 208H272V64c0-17.67-14.33-32-32-32h-32c-17.67 0-32 14.33-32 32v144H32c-17.67 0-32 14.33-32 32v32c0 17.67 14.33 32 32 32h144v144c0 17.67 14.33 32 32 32h32c17.67 0 32-14.33 32-32V304h144c17.67 0 32-14.33 32-32v-32c0-17.67-14.33-32-32-32z\"><\/path><\/svg><\/span>\n\t\t<\/span>\n\n\t\t\t\t\t\t<\/summary>\n\t\t\t\t<div role=\"region\" aria-labelledby=\"e-n-accordion-item-5042\" class=\"elementor-element elementor-element-3b4c247 e-con-full e-flex e-con e-child\" data-id=\"3b4c247\" data-element_type=\"container\" data-e-type=\"container\">\n\t\t\t\t<div class=\"elementor-element elementor-element-f8fbb79 elementor-widget elementor-widget-text-editor\" data-id=\"f8fbb79\" data-element_type=\"widget\" data-e-type=\"widget\" data-widget_type=\"text-editor.default\">\n\t\t\t\t\t\t\t\t\t<p>\u00bfLe gustar\u00eda formar parte del exclusivo c\u00edrculo de candidatos de Siinalovespot? Rellene el formulario de inscripci\u00f3n a trav\u00e9s de <a href=\"https:\/\/form.typeform.com\/to\/VBJKpzqG\" target=\"_blank\" rel=\"noopener\">este enlace<\/a>. <\/p><p>Nuestro formulario de inscripci\u00f3n ayuda a obtener una imagen clara de qui\u00e9n es usted, qu\u00e9 busca y qu\u00e9 valores son importantes para usted en una relaci\u00f3n. Una vez que hayamos recibido su cuestionario cumplimentado, se le incluir\u00e1 en nuestra base de datos privada de solteros cuidadosamente seleccionados. <\/p><p>Solo nos pondremos en contacto con usted cuando estemos convencidos de que hay una pareja potencial que realmente encaja con usted, con atenci\u00f3n, discreci\u00f3n y respeto por su privacidad.<\/p>\t\t\t\t\t\t\t\t<\/div>\n\t\t\t\t<\/div>\n\t\t\t\t\t<\/details>\n\t\t\t\t\t\t<details id=\"e-n-accordion-item-5043\" class=\"e-n-accordion-item\" >\n\t\t\t\t<summary class=\"e-n-accordion-item-title\" data-accordion-index=\"4\" tabindex=\"-1\" aria-expanded=\"false\" aria-controls=\"e-n-accordion-item-5043\" >\n\t\t\t\t\t<span class='e-n-accordion-item-title-header'><div class=\"e-n-accordion-item-title-text\"> \u00bfC\u00f3mo funciona realmente la b\u00fasqueda de pareja? Una mirada entre bastidores a Siinalovespot  <\/div><\/span>\n\t\t\t\t\t\t\t<span class='e-n-accordion-item-title-icon'>\n\t\t\t<span class='e-opened' ><svg aria-hidden=\"true\" class=\"e-font-icon-svg e-fas-minus\" viewBox=\"0 0 448 512\" xmlns=\"http:\/\/www.w3.org\/2000\/svg\"><path d=\"M416 208H32c-17.67 0-32 14.33-32 32v32c0 17.67 14.33 32 32 32h384c17.67 0 32-14.33 32-32v-32c0-17.67-14.33-32-32-32z\"><\/path><\/svg><\/span>\n\t\t\t<span class='e-closed'><svg aria-hidden=\"true\" class=\"e-font-icon-svg e-fas-plus\" viewBox=\"0 0 448 512\" xmlns=\"http:\/\/www.w3.org\/2000\/svg\"><path d=\"M416 208H272V64c0-17.67-14.33-32-32-32h-32c-17.67 0-32 14.33-32 32v144H32c-17.67 0-32 14.33-32 32v32c0 17.67 14.33 32 32 32h144v144c0 17.67 14.33 32 32 32h32c17.67 0 32-14.33 32-32V304h144c17.67 0 32-14.33 32-32v-32c0-17.67-14.33-32-32-32z\"><\/path><\/svg><\/span>\n\t\t<\/span>\n\n\t\t\t\t\t\t<\/summary>\n\t\t\t\t<div role=\"region\" aria-labelledby=\"e-n-accordion-item-5043\" class=\"elementor-element elementor-element-ebea90b e-con-full e-flex e-con e-child\" data-id=\"ebea90b\" data-element_type=\"container\" data-e-type=\"container\">\n\t\t\t\t<div class=\"elementor-element elementor-element-63d3f87 elementor-widget elementor-widget-text-editor\" data-id=\"63d3f87\" data-element_type=\"widget\" data-e-type=\"widget\" data-widget_type=\"text-editor.default\">\n\t\t\t\t\t\t\t\t\t<p>La b\u00fasqueda de pareja en Siinalovespot no es una f\u00f3rmula r\u00e1pida o est\u00e1ndar. Es un proceso cuidadoso y personal que comienza con un elemento importante: la atenci\u00f3n. Detr\u00e1s de cada presentaci\u00f3n hay tiempo, visi\u00f3n y un inter\u00e9s sincero en qui\u00e9n es usted realmente.  <\/p><p>El programa comienza con una entrevista confidencial, en la que profundizamos en su estilo de vida, sus valores y sus expectativas. Esta conversaci\u00f3n forma la base de todo lo que sigue, es el momento en el que le conozco m\u00e1s all\u00e1 de lo superficial. <\/p><p>A continuaci\u00f3n, sigue la fase de selecci\u00f3n, en la que selecciono manualmente candidatos de una red cerrada de personas con ideas afines. No hay algoritmos, sino intuici\u00f3n, experiencia y conocimiento de la conexi\u00f3n humana. <\/p><p>Cuando hay una posible pareja, se planifica cuidadosamente una presentaci\u00f3n. Puede ser un encuentro personal en un entorno discreto, o una primera conversaci\u00f3n en l\u00ednea, dependiendo de lo que le resulte c\u00f3modo. Cada detalle se adapta a su comodidad y ritmo.  <\/p><p>Despu\u00e9s del encuentro, sigue un momento de reflexi\u00f3n: una conversaci\u00f3n sincera sobre c\u00f3mo se sinti\u00f3, lo que not\u00f3 y si hay algo que deba investigarse m\u00e1s a fondo. Este seguimiento marca la diferencia entre las citas casuales y la construcci\u00f3n sincera de algo duradero. <\/p><p>En Siinalovespot, la b\u00fasqueda de pareja se basa en la calidad, la confianza y la sofisticaci\u00f3n emocional. No se trata solo de encontrar a alguien, sino de descubrir qui\u00e9n encaja realmente con usted, en todos los niveles de la vida. <\/p>\t\t\t\t\t\t\t\t<\/div>\n\t\t\t\t<\/div>\n\t\t\t\t\t<\/details>\n\t\t\t\t\t<\/div>\n\t\t\t\t\t<script type=\"application\/ld+json\">{\"@context\":\"https:\\\/\\\/schema.org\",\"@type\":\"FAQPage\",\"mainEntity\":[{\"@type\":\"Question\",\"name\":\"\\u00bfC\\u00f3mo puedo inscribirme en el programa Siinalovespot?\",\"acceptedAnswer\":{\"@type\":\"Answer\",\"text\":\"Inscribirse en el programa Siinalovespot es sencillo y totalmente gratuito. Introduzca sus datos de redes sociales e ind\\u00edqueme la mejor manera de ponerme en contacto con usted. Despu\\u00e9s de su inscripci\\u00f3n, su perfil se examinar\\u00e1 con atenci\\u00f3n. No recibir\\u00e1 una confirmaci\\u00f3n autom\\u00e1tica, pero al inscribirse da su consentimiento para que nos pongamos en contacto con usted para presentarle en directo a la comunidad de Siinalovespot.\"}},{\"@type\":\"Question\",\"name\":\"\\u00bfC\\u00f3mo puedo inscribirme en los paquetes de b\\u00fasqueda de pareja?\",\"acceptedAnswer\":{\"@type\":\"Answer\",\"text\":\"Inscribirse en un programa de b\\u00fasqueda de pareja en Siinalovespot es el primer paso hacia una conexi\\u00f3n sincera y duradera. Rellene el formulario de inscripci\\u00f3n y seleccione la opci\\u00f3n B\\u00fasqueda de pareja. En el campo de comentarios puede indicar qu\\u00e9 paquete le atrae m\\u00e1s o qu\\u00e9 expectativas tiene del programa.  Tras recibir sus datos, me pondr\\u00e9 en contacto con usted personalmente para programar una entrevista inicial sin compromiso. Durante esta entrevista, hablaremos de sus deseos, su estilo de vida y las posibilidades que mejor se adapten a usted. Cada inscripci\\u00f3n se trata con atenci\\u00f3n y se mantiene estrictamente confidencial.\"}},{\"@type\":\"Question\",\"name\":\"\\u00bfC\\u00f3mo puedo inscribirme como candidato?\",\"acceptedAnswer\":{\"@type\":\"Answer\",\"text\":\"\\u00bfLe gustar\\u00eda formar parte del exclusivo c\\u00edrculo de candidatos de Siinalovespot? Rellene el formulario de inscripci\\u00f3n a trav\\u00e9s de este enlace. Nuestro formulario de inscripci\\u00f3n ayuda a obtener una imagen clara de qui\\u00e9n es usted, qu\\u00e9 busca y qu\\u00e9 valores son importantes para usted en una relaci\\u00f3n. Una vez que hayamos recibido su cuestionario cumplimentado, se le incluir\\u00e1 en nuestra base de datos privada de solteros cuidadosamente seleccionados. Solo nos pondremos en contacto con usted cuando estemos convencidos de que hay una pareja potencial que realmente encaja con usted, con atenci\\u00f3n, discreci\\u00f3n y respeto por su privacidad.\"}},{\"@type\":\"Question\",\"name\":\"\\u00bfC\\u00f3mo funciona realmente la b\\u00fasqueda de pareja? Una mirada entre bastidores a Siinalovespot\",\"acceptedAnswer\":{\"@type\":\"Answer\",\"text\":\"La b\\u00fasqueda de pareja en Siinalovespot no es una f\\u00f3rmula r\\u00e1pida o est\\u00e1ndar. Es un proceso cuidadoso y personal que comienza con un elemento importante: la atenci\\u00f3n. Detr\\u00e1s de cada presentaci\\u00f3n hay tiempo, visi\\u00f3n y un inter\\u00e9s sincero en qui\\u00e9n es usted realmente.  El programa comienza con una entrevista confidencial, en la que profundizamos en su estilo de vida, sus valores y sus expectativas. Esta conversaci\\u00f3n forma la base de todo lo que sigue, es el momento en el que le conozco m\\u00e1s all\\u00e1 de lo superficial. A continuaci\\u00f3n, sigue la fase de selecci\\u00f3n, en la que selecciono manualmente candidatos de una red cerrada de personas con ideas afines. No hay algoritmos, sino intuici\\u00f3n, experiencia y conocimiento de la conexi\\u00f3n humana. Cuando hay una posible pareja, se planifica cuidadosamente una presentaci\\u00f3n. Puede ser un encuentro personal en un entorno discreto, o una primera conversaci\\u00f3n en l\\u00ednea, dependiendo de lo que le resulte c\\u00f3modo. Cada detalle se adapta a su comodidad y ritmo.  Despu\\u00e9s del encuentro, sigue un momento de reflexi\\u00f3n: una conversaci\\u00f3n sincera sobre c\\u00f3mo se sinti\\u00f3, lo que not\\u00f3 y si hay algo que deba investigarse m\\u00e1s a fondo. Este seguimiento marca la diferencia entre las citas casuales y la construcci\\u00f3n sincera de algo duradero. En Siinalovespot, la b\\u00fasqueda de pareja se basa en la calidad, la confianza y la sofisticaci\\u00f3n emocional. No se trata solo de encontrar a alguien, sino de descubrir qui\\u00e9n encaja realmente con usted, en todos los niveles de la vida.\"}}]}<\/script>\n\t\t\t\t\t\t\t<\/div>\n\t\t\t\t<\/div>\n\t\t\t\t\t<\/div>\n\t\t\t\t<\/div>\n\t\t<div class=\"elementor-element elementor-element-4cce21a e-flex e-con-boxed e-con e-parent\" data-id=\"4cce21a\" data-element_type=\"container\" data-e-type=\"container\" data-settings=\"{&quot;background_background&quot;:&quot;classic&quot;}\">\n\t\t\t\t\t<div class=\"e-con-inner\">\n\t\t<div class=\"elementor-element elementor-element-0efc05e e-con-full e-flex e-con e-child\" data-id=\"0efc05e\" data-element_type=\"container\" data-e-type=\"container\">\n\t\t\t\t<div class=\"elementor-element elementor-element-a091f1b elementor-widget elementor-widget-heading\" data-id=\"a091f1b\" data-element_type=\"widget\" data-e-type=\"widget\" data-widget_type=\"heading.default\">\n\t\t\t\t\t<h3 class=\"elementor-heading-title elementor-size-default\">B\u00fasqueda de pareja y coaching<\/h3>\t\t\t\t<\/div>\n\t\t\t\t<div class=\"elementor-element elementor-element-520f215 elementor-widget elementor-widget-heading\" data-id=\"520f215\" data-element_type=\"widget\" data-e-type=\"widget\" data-widget_type=\"heading.default\">\n\t\t\t\t\t<h2 class=\"elementor-heading-title elementor-size-default\">\u00bfListo para tomarse el amor en serio?<\/h2>\t\t\t\t<\/div>\n\t\t\t\t<div class=\"elementor-element elementor-element-e0c71fd elementor-mobile-align-justify elementor-widget-mobile__width-inherit elementor-widget elementor-widget-button\" data-id=\"e0c71fd\" data-element_type=\"widget\" data-e-type=\"widget\" data-widget_type=\"button.default\">\n\t\t\t\t\t\t\t\t\t\t<a class=\"elementor-button elementor-button-link elementor-size-sm\" href=\"https:\/\/siinalovespot.com\/es\/concertar-una-cita\/\">\n\t\t\t\t\t\t<span class=\"elementor-button-content-wrapper\">\n\t\t\t\t\t\t<span class=\"elementor-button-icon\">\n\t\t\t\t<svg xmlns=\"http:\/\/www.w3.org\/2000\/svg\" id=\"Laag_1\" data-name=\"Laag 1\" viewBox=\"0 0 14.71 11.05\"><polygon points=\"9.18 0 8.47 .71 12.79 5.03 0 5.03 0 6.03 12.79 6.03 8.47 10.35 9.18 11.05 14.71 5.53 9.18 0\"><\/polygon><\/svg>\t\t\t<\/span>\n\t\t\t\t\t\t\t\t\t<span class=\"elementor-button-text\">Crear una cita<\/span>\n\t\t\t\t\t<\/span>\n\t\t\t\t\t<\/a>\n\t\t\t\t\t\t\t\t<\/div>\n\t\t\t\t<\/div>\n\t\t\t\t\t<\/div>\n\t\t\t\t<\/div>\n\t\t\t\t<\/div>\n\t\t","protected":false},"excerpt":{"rendered":"<p>Todo lo que necesita saber Preguntas frecuentes \u00bfTiene alguna pregunta sobre Siinalovespot? Aqu\u00ed encontrar\u00e1 las respuestas a las preguntas m\u00e1s frecuentes. Preguntas m\u00e1s frecuentes Preguntas frecuentes \u00bfC\u00f3mo puedo inscribirme en el programa Siinalovespot? Inscribirse en el programa Siinalovespot es sencillo y totalmente gratuito. Introduzca sus datos de redes sociales e ind\u00edqueme la mejor manera de [&hellip;]<\/p>\n","protected":false},"author":1,"featured_media":0,"parent":0,"menu_order":0,"comment_status":"closed","ping_status":"closed","template":"","meta":{"footnotes":""},"class_list":["post-903","page","type-page","status-publish","hentry"],"_links":{"self":[{"href":"https:\/\/siinalovespot.com\/es\/wp-json\/wp\/v2\/pages\/903","targetHints":{"allow":["GET"]}}],"collection":[{"href":"https:\/\/siinalovespot.com\/es\/wp-json\/wp\/v2\/pages"}],"about":[{"href":"https:\/\/siinalovespot.com\/es\/wp-json\/wp\/v2\/types\/page"}],"author":[{"embeddable":true,"href":"https:\/\/siinalovespot.com\/es\/wp-json\/wp\/v2\/users\/1"}],"replies":[{"embeddable":true,"href":"https:\/\/siinalovespot.com\/es\/wp-json\/wp\/v2\/comments?post=903"}],"version-history":[{"count":1,"href":"https:\/\/siinalovespot.com\/es\/wp-json\/wp\/v2\/pages\/903\/revisions"}],"predecessor-version":[{"id":906,"href":"https:\/\/siinalovespot.com\/es\/wp-json\/wp\/v2\/pages\/903\/revisions\/906"}],"wp:attachment":[{"href":"https:\/\/siinalovespot.com\/es\/wp-json\/wp\/v2\/media?parent=903"}],"curies":[{"name":"wp","href":"https:\/\/api.w.org\/{rel}","templated":true}]}}