{"id":908,"date":"2025-10-28T15:09:00","date_gmt":"2025-10-28T14:09:00","guid":{"rendered":"https:\/\/siinalovespot.com\/faq\/"},"modified":"2025-11-06T16:22:59","modified_gmt":"2025-11-06T15:22:59","slug":"faq","status":"publish","type":"page","link":"https:\/\/siinalovespot.com\/fr\/faq\/","title":{"rendered":"FAQ"},"content":{"rendered":"\t\t<div data-elementor-type=\"wp-page\" data-elementor-id=\"908\" class=\"elementor elementor-908 elementor-666\" data-elementor-post-type=\"page\">\n\t\t\t\t<div class=\"elementor-element elementor-element-8eb70a3 e-flex e-con-boxed e-con e-parent\" data-id=\"8eb70a3\" data-element_type=\"container\" data-e-type=\"container\">\n\t\t\t\t\t<div class=\"e-con-inner\">\n\t\t<div class=\"elementor-element elementor-element-ecc1afc e-con-full e-flex e-con e-child\" data-id=\"ecc1afc\" data-element_type=\"container\" data-e-type=\"container\">\n\t\t\t\t<div class=\"elementor-element elementor-element-b97d549 elementor-widget elementor-widget-heading\" data-id=\"b97d549\" data-element_type=\"widget\" data-e-type=\"widget\" data-widget_type=\"heading.default\">\n\t\t\t\t\t<h3 class=\"elementor-heading-title elementor-size-default\">Tout ce que vous devez savoir<\/h3>\t\t\t\t<\/div>\n\t\t\t\t<div class=\"elementor-element elementor-element-ace421f elementor-widget elementor-widget-heading\" data-id=\"ace421f\" data-element_type=\"widget\" data-e-type=\"widget\" data-widget_type=\"heading.default\">\n\t\t\t\t\t<h1 class=\"elementor-heading-title elementor-size-default\">Questions fr\u00e9quemment pos\u00e9es<\/h1>\t\t\t\t<\/div>\n\t\t\t\t<div class=\"elementor-element elementor-element-29d4f27 elementor-widget elementor-widget-text-editor\" data-id=\"29d4f27\" data-element_type=\"widget\" data-e-type=\"widget\" data-widget_type=\"text-editor.default\">\n\t\t\t\t\t\t\t\t\t<p>Vous avez une question sur Siinalovespot ? Vous trouverez ici les r\u00e9ponses aux questions les plus fr\u00e9quemment pos\u00e9es. <\/p>\t\t\t\t\t\t\t\t<\/div>\n\t\t\t\t<\/div>\n\t\t<div class=\"elementor-element elementor-element-179dd8b e-con-full e-flex e-con e-child\" data-id=\"179dd8b\" data-element_type=\"container\" data-e-type=\"container\">\n\t\t\t\t<div class=\"elementor-element elementor-element-1f349b0 elementor-widget elementor-widget-image\" data-id=\"1f349b0\" data-element_type=\"widget\" data-e-type=\"widget\" data-widget_type=\"image.default\">\n\t\t\t\t\t\t\t\t\t\t\t\t\t\t\t<img fetchpriority=\"high\" decoding=\"async\" width=\"1080\" height=\"1920\" src=\"https:\/\/siinalovespot.com\/wp-content\/uploads\/1000049740.webp\" class=\"attachment-large size-large wp-image-909\" alt=\"\" srcset=\"https:\/\/siinalovespot.com\/wp-content\/uploads\/1000049740.webp 1080w, https:\/\/siinalovespot.com\/wp-content\/uploads\/1000049740-768x1365.webp 768w\" sizes=\"(max-width: 1080px) 100vw, 1080px\" loading=\"eager\" title=\"\">\t\t\t\t\t\t\t\t\t\t\t\t\t\t\t<\/div>\n\t\t\t\t<\/div>\n\t\t\t\t\t<\/div>\n\t\t\t\t<\/div>\n\t\t<div class=\"elementor-element elementor-element-fa03cac e-flex e-con-boxed e-con e-parent\" data-id=\"fa03cac\" data-element_type=\"container\" data-e-type=\"container\" data-settings=\"{&quot;background_background&quot;:&quot;classic&quot;}\">\n\t\t\t\t\t<div class=\"e-con-inner\">\n\t\t<div class=\"elementor-element elementor-element-698c982 e-con-full e-flex e-con e-child\" data-id=\"698c982\" data-element_type=\"container\" data-e-type=\"container\">\n\t\t\t\t<div class=\"elementor-element elementor-element-f41d1cc elementor-widget elementor-widget-heading\" data-id=\"f41d1cc\" data-element_type=\"widget\" data-e-type=\"widget\" data-widget_type=\"heading.default\">\n\t\t\t\t\t<h3 class=\"elementor-heading-title elementor-size-default\">FAQ<\/h3>\t\t\t\t<\/div>\n\t\t\t\t<div class=\"elementor-element elementor-element-0278293 elementor-widget elementor-widget-heading\" data-id=\"0278293\" data-element_type=\"widget\" data-e-type=\"widget\" data-widget_type=\"heading.default\">\n\t\t\t\t\t<h2 class=\"elementor-heading-title elementor-size-default\">Questions fr\u00e9quemment pos\u00e9es<\/h2>\t\t\t\t<\/div>\n\t\t\t\t<div class=\"elementor-element elementor-element-30225f8 elementor-widget elementor-widget-n-accordion\" data-id=\"30225f8\" data-element_type=\"widget\" data-e-type=\"widget\" data-settings=\"{&quot;n_accordion_animation_duration&quot;:{&quot;unit&quot;:&quot;ms&quot;,&quot;size&quot;:200,&quot;sizes&quot;:[]},&quot;default_state&quot;:&quot;all_collapsed&quot;,&quot;max_items_expended&quot;:&quot;one&quot;}\" data-widget_type=\"nested-accordion.default\">\n\t\t\t\t\t\t\t<div class=\"e-n-accordion\" aria-label=\"Accordion. Open links with Enter or Space, close with Escape, and navigate with Arrow Keys\">\n\t\t\t\t\t\t<details id=\"e-n-accordion-item-5040\" class=\"e-n-accordion-item\" >\n\t\t\t\t<summary class=\"e-n-accordion-item-title\" data-accordion-index=\"1\" tabindex=\"0\" aria-expanded=\"false\" aria-controls=\"e-n-accordion-item-5040\" >\n\t\t\t\t\t<span class='e-n-accordion-item-title-header'><div class=\"e-n-accordion-item-title-text\"> Comment puis-je m\u2019inscrire \u00e0 la Siinalovespotshow ? <\/div><\/span>\n\t\t\t\t\t\t\t<span class='e-n-accordion-item-title-icon'>\n\t\t\t<span class='e-opened' ><svg aria-hidden=\"true\" class=\"e-font-icon-svg e-fas-minus\" viewBox=\"0 0 448 512\" xmlns=\"http:\/\/www.w3.org\/2000\/svg\"><path d=\"M416 208H32c-17.67 0-32 14.33-32 32v32c0 17.67 14.33 32 32 32h384c17.67 0 32-14.33 32-32v-32c0-17.67-14.33-32-32-32z\"><\/path><\/svg><\/span>\n\t\t\t<span class='e-closed'><svg aria-hidden=\"true\" class=\"e-font-icon-svg e-fas-plus\" viewBox=\"0 0 448 512\" xmlns=\"http:\/\/www.w3.org\/2000\/svg\"><path d=\"M416 208H272V64c0-17.67-14.33-32-32-32h-32c-17.67 0-32 14.33-32 32v144H32c-17.67 0-32 14.33-32 32v32c0 17.67 14.33 32 32 32h144v144c0 17.67 14.33 32 32 32h32c17.67 0 32-14.33 32-32V304h144c17.67 0 32-14.33 32-32v-32c0-17.67-14.33-32-32-32z\"><\/path><\/svg><\/span>\n\t\t<\/span>\n\n\t\t\t\t\t\t<\/summary>\n\t\t\t\t<div role=\"region\" aria-labelledby=\"e-n-accordion-item-5040\" class=\"elementor-element elementor-element-7ed1329 e-con-full e-flex e-con e-child\" data-id=\"7ed1329\" data-element_type=\"container\" data-e-type=\"container\">\n\t\t\t\t<div class=\"elementor-element elementor-element-0d013c8 elementor-widget elementor-widget-text-editor\" data-id=\"0d013c8\" data-element_type=\"widget\" data-e-type=\"widget\" data-widget_type=\"text-editor.default\">\n\t\t\t\t\t\t\t\t\t<p>S\u2019inscrire \u00e0 la Siinalovespot Show est simple et enti\u00e8rement sans engagement. Renseignez vos informations de r\u00e9seaux sociaux et indiquez-moi comment vous contacter au mieux. Apr\u00e8s votre inscription, votre profil sera examin\u00e9 avec soin. Vous ne recevrez pas de confirmation automatique, mais en vous inscrivant, vous nous autorisez \u00e0 vous contacter pour vous pr\u00e9senter en direct \u00e0 la communaut\u00e9 de Siinalovespot.   <\/p>\t\t\t\t\t\t\t\t<\/div>\n\t\t\t\t<\/div>\n\t\t\t\t\t<\/details>\n\t\t\t\t\t\t<details id=\"e-n-accordion-item-5041\" class=\"e-n-accordion-item\" >\n\t\t\t\t<summary class=\"e-n-accordion-item-title\" data-accordion-index=\"2\" tabindex=\"-1\" aria-expanded=\"false\" aria-controls=\"e-n-accordion-item-5041\" >\n\t\t\t\t\t<span class='e-n-accordion-item-title-header'><div class=\"e-n-accordion-item-title-text\"> Comment puis-je m\u2019inscrire aux forfaits de matchmaking ? <\/div><\/span>\n\t\t\t\t\t\t\t<span class='e-n-accordion-item-title-icon'>\n\t\t\t<span class='e-opened' ><svg aria-hidden=\"true\" class=\"e-font-icon-svg e-fas-minus\" viewBox=\"0 0 448 512\" xmlns=\"http:\/\/www.w3.org\/2000\/svg\"><path d=\"M416 208H32c-17.67 0-32 14.33-32 32v32c0 17.67 14.33 32 32 32h384c17.67 0 32-14.33 32-32v-32c0-17.67-14.33-32-32-32z\"><\/path><\/svg><\/span>\n\t\t\t<span class='e-closed'><svg aria-hidden=\"true\" class=\"e-font-icon-svg e-fas-plus\" viewBox=\"0 0 448 512\" xmlns=\"http:\/\/www.w3.org\/2000\/svg\"><path d=\"M416 208H272V64c0-17.67-14.33-32-32-32h-32c-17.67 0-32 14.33-32 32v144H32c-17.67 0-32 14.33-32 32v32c0 17.67 14.33 32 32 32h144v144c0 17.67 14.33 32 32 32h32c17.67 0 32-14.33 32-32V304h144c17.67 0 32-14.33 32-32v-32c0-17.67-14.33-32-32-32z\"><\/path><\/svg><\/span>\n\t\t<\/span>\n\n\t\t\t\t\t\t<\/summary>\n\t\t\t\t<div role=\"region\" aria-labelledby=\"e-n-accordion-item-5041\" class=\"elementor-element elementor-element-0bca46f e-con-full e-flex e-con e-child\" data-id=\"0bca46f\" data-element_type=\"container\" data-e-type=\"container\">\n\t\t\t\t<div class=\"elementor-element elementor-element-0abdf21 elementor-widget elementor-widget-text-editor\" data-id=\"0abdf21\" data-element_type=\"widget\" data-e-type=\"widget\" data-widget_type=\"text-editor.default\">\n\t\t\t\t\t\t\t\t\t<p>S\u2019inscrire \u00e0 un parcours de matchmaking chez Siinalovespot est la premi\u00e8re \u00e9tape vers une connexion sinc\u00e8re et durable. Remplissez le formulaire d\u2019inscription et s\u00e9lectionnez l\u2019option Matchmaking. Dans le champ des commentaires, vous pouvez indiquer quel forfait vous attire le plus ou quelles sont vos attentes concernant le parcours.  <\/p><p>Apr\u00e8s r\u00e9ception de vos donn\u00e9es, je vous contacterai personnellement pour planifier un entretien de prise de contact, sans aucun engagement. Au cours de cet entretien, nous discuterons de vos souhaits, de votre style de vie et des possibilit\u00e9s qui vous conviennent le mieux. <\/p><p>Chaque inscription est trait\u00e9e avec soin et reste strictement confidentielle.<\/p>\t\t\t\t\t\t\t\t<\/div>\n\t\t\t\t<\/div>\n\t\t\t\t\t<\/details>\n\t\t\t\t\t\t<details id=\"e-n-accordion-item-5042\" class=\"e-n-accordion-item\" >\n\t\t\t\t<summary class=\"e-n-accordion-item-title\" data-accordion-index=\"3\" tabindex=\"-1\" aria-expanded=\"false\" aria-controls=\"e-n-accordion-item-5042\" >\n\t\t\t\t\t<span class='e-n-accordion-item-title-header'><div class=\"e-n-accordion-item-title-text\"> Comment puis-je m\u2019inscrire en tant que candidat(e) ? <\/div><\/span>\n\t\t\t\t\t\t\t<span class='e-n-accordion-item-title-icon'>\n\t\t\t<span class='e-opened' ><svg aria-hidden=\"true\" class=\"e-font-icon-svg e-fas-minus\" viewBox=\"0 0 448 512\" xmlns=\"http:\/\/www.w3.org\/2000\/svg\"><path d=\"M416 208H32c-17.67 0-32 14.33-32 32v32c0 17.67 14.33 32 32 32h384c17.67 0 32-14.33 32-32v-32c0-17.67-14.33-32-32-32z\"><\/path><\/svg><\/span>\n\t\t\t<span class='e-closed'><svg aria-hidden=\"true\" class=\"e-font-icon-svg e-fas-plus\" viewBox=\"0 0 448 512\" xmlns=\"http:\/\/www.w3.org\/2000\/svg\"><path d=\"M416 208H272V64c0-17.67-14.33-32-32-32h-32c-17.67 0-32 14.33-32 32v144H32c-17.67 0-32 14.33-32 32v32c0 17.67 14.33 32 32 32h144v144c0 17.67 14.33 32 32 32h32c17.67 0 32-14.33 32-32V304h144c17.67 0 32-14.33 32-32v-32c0-17.67-14.33-32-32-32z\"><\/path><\/svg><\/span>\n\t\t<\/span>\n\n\t\t\t\t\t\t<\/summary>\n\t\t\t\t<div role=\"region\" aria-labelledby=\"e-n-accordion-item-5042\" class=\"elementor-element elementor-element-3b4c247 e-con-full e-flex e-con e-child\" data-id=\"3b4c247\" data-element_type=\"container\" data-e-type=\"container\">\n\t\t\t\t<div class=\"elementor-element elementor-element-f8fbb79 elementor-widget elementor-widget-text-editor\" data-id=\"f8fbb79\" data-element_type=\"widget\" data-e-type=\"widget\" data-widget_type=\"text-editor.default\">\n\t\t\t\t\t\t\t\t\t<p>Souhaitez-vous faire partie du cercle exclusif de candidats de Siinalovespot ? Remplissez le formulaire d\u2019inscription via <a href=\"https:\/\/form.typeform.com\/to\/VBJKpzqG\" target=\"_blank\" rel=\"noopener\">ce lien<\/a>. <\/p><p>Notre formulaire d\u2019inscription nous aide \u00e0 nous faire une id\u00e9e pr\u00e9cise de qui vous \u00eates, de ce que vous recherchez et des valeurs qui sont importantes pour vous dans une relation. D\u00e8s que nous aurons re\u00e7u votre questionnaire rempli, vous serez int\u00e9gr\u00e9(e) \u00e0 notre base de donn\u00e9es priv\u00e9e de c\u00e9libataires soigneusement s\u00e9lectionn\u00e9s. <\/p><p>Nous ne vous contacterons que si nous sommes convaincus qu\u2019il existe un(e) partenaire potentiel(le) qui vous corresponde vraiment, avec attention, discr\u00e9tion et respect de votre vie priv\u00e9e.<\/p>\t\t\t\t\t\t\t\t<\/div>\n\t\t\t\t<\/div>\n\t\t\t\t\t<\/details>\n\t\t\t\t\t\t<details id=\"e-n-accordion-item-5043\" class=\"e-n-accordion-item\" >\n\t\t\t\t<summary class=\"e-n-accordion-item-title\" data-accordion-index=\"4\" tabindex=\"-1\" aria-expanded=\"false\" aria-controls=\"e-n-accordion-item-5043\" >\n\t\t\t\t\t<span class='e-n-accordion-item-title-header'><div class=\"e-n-accordion-item-title-text\"> Comment fonctionne r\u00e9ellement le matchmaking ? Un aper\u00e7u des coulisses de Siinalovespot  <\/div><\/span>\n\t\t\t\t\t\t\t<span class='e-n-accordion-item-title-icon'>\n\t\t\t<span class='e-opened' ><svg aria-hidden=\"true\" class=\"e-font-icon-svg e-fas-minus\" viewBox=\"0 0 448 512\" xmlns=\"http:\/\/www.w3.org\/2000\/svg\"><path d=\"M416 208H32c-17.67 0-32 14.33-32 32v32c0 17.67 14.33 32 32 32h384c17.67 0 32-14.33 32-32v-32c0-17.67-14.33-32-32-32z\"><\/path><\/svg><\/span>\n\t\t\t<span class='e-closed'><svg aria-hidden=\"true\" class=\"e-font-icon-svg e-fas-plus\" viewBox=\"0 0 448 512\" xmlns=\"http:\/\/www.w3.org\/2000\/svg\"><path d=\"M416 208H272V64c0-17.67-14.33-32-32-32h-32c-17.67 0-32 14.33-32 32v144H32c-17.67 0-32 14.33-32 32v32c0 17.67 14.33 32 32 32h144v144c0 17.67 14.33 32 32 32h32c17.67 0 32-14.33 32-32V304h144c17.67 0 32-14.33 32-32v-32c0-17.67-14.33-32-32-32z\"><\/path><\/svg><\/span>\n\t\t<\/span>\n\n\t\t\t\t\t\t<\/summary>\n\t\t\t\t<div role=\"region\" aria-labelledby=\"e-n-accordion-item-5043\" class=\"elementor-element elementor-element-ebea90b e-con-full e-flex e-con e-child\" data-id=\"ebea90b\" data-element_type=\"container\" data-e-type=\"container\">\n\t\t\t\t<div class=\"elementor-element elementor-element-63d3f87 elementor-widget elementor-widget-text-editor\" data-id=\"63d3f87\" data-element_type=\"widget\" data-e-type=\"widget\" data-widget_type=\"text-editor.default\">\n\t\t\t\t\t\t\t\t\t<p>Le matchmaking chez Siinalovespot n\u2019est pas une formule rapide ou standard. C\u2019est un processus personnel et minutieux qui commence par un \u00e9l\u00e9ment important : l\u2019attention. Derri\u00e8re chaque rencontre se cachent du temps, une vision et un int\u00e9r\u00eat sinc\u00e8re pour qui vous \u00eates r\u00e9ellement.  <\/p><p>Le parcours commence par un entretien confidentiel, au cours duquel nous approfondissons votre style de vie, vos valeurs et vos attentes. Cet entretien constitue la base de tout ce qui suit, c\u2019est le moment o\u00f9 j\u2019apprends \u00e0 vous conna\u00eetre au-del\u00e0 du superficiel. <\/p><p>Vient ensuite la phase de s\u00e9lection, au cours de laquelle je s\u00e9lectionne manuellement des candidats dans un r\u00e9seau priv\u00e9 de personnes partageant les m\u00eames id\u00e9es. Pas d\u2019algorithmes, mais de l\u2019intuition, de l\u2019exp\u00e9rience et une compr\u00e9hension de la connexion humaine. <\/p><p>Lorsqu\u2019il y a une correspondance possible, une pr\u00e9sentation est soigneusement planifi\u00e9e. Il peut s\u2019agir d\u2019une rencontre personnelle dans un cadre discret, ou d\u2019une premi\u00e8re conversation en ligne, selon ce qui vous convient le mieux. Chaque d\u00e9tail est adapt\u00e9 \u00e0 votre confort et \u00e0 votre rythme.  <\/p><p>Apr\u00e8s la rencontre, il y a un moment de r\u00e9flexion : une conversation honn\u00eate sur ce que vous avez ressenti, ce que vous avez remarqu\u00e9 et s\u2019il y a quelque chose qui m\u00e9rite d\u2019\u00eatre approfondi. Ce suivi fait la diff\u00e9rence entre des rencontres occasionnelles et la construction sinc\u00e8re de quelque chose de durable. <\/p><p>Chez Siinalovespot, le matchmaking est synonyme de qualit\u00e9, de confiance et de raffinement \u00e9motionnel. Il ne s\u2019agit pas seulement de trouver quelqu\u2019un, il s\u2019agit de d\u00e9couvrir qui vous correspond vraiment, \u00e0 tous les niveaux de la vie. <\/p>\t\t\t\t\t\t\t\t<\/div>\n\t\t\t\t<\/div>\n\t\t\t\t\t<\/details>\n\t\t\t\t\t<\/div>\n\t\t\t\t\t<script type=\"application\/ld+json\">{\"@context\":\"https:\\\/\\\/schema.org\",\"@type\":\"FAQPage\",\"mainEntity\":[{\"@type\":\"Question\",\"name\":\"Comment puis-je m\\u2019inscrire \\u00e0 la Siinalovespotshow ?\",\"acceptedAnswer\":{\"@type\":\"Answer\",\"text\":\"S\\u2019inscrire \\u00e0 la Siinalovespot Show est simple et enti\\u00e8rement sans engagement. Renseignez vos informations de r\\u00e9seaux sociaux et indiquez-moi comment vous contacter au mieux. Apr\\u00e8s votre inscription, votre profil sera examin\\u00e9 avec soin. Vous ne recevrez pas de confirmation automatique, mais en vous inscrivant, vous nous autorisez \\u00e0 vous contacter pour vous pr\\u00e9senter en direct \\u00e0 la communaut\\u00e9 de Siinalovespot.\"}},{\"@type\":\"Question\",\"name\":\"Comment puis-je m\\u2019inscrire aux forfaits de matchmaking ?\",\"acceptedAnswer\":{\"@type\":\"Answer\",\"text\":\"S\\u2019inscrire \\u00e0 un parcours de matchmaking chez Siinalovespot est la premi\\u00e8re \\u00e9tape vers une connexion sinc\\u00e8re et durable. Remplissez le formulaire d\\u2019inscription et s\\u00e9lectionnez l\\u2019option Matchmaking. Dans le champ des commentaires, vous pouvez indiquer quel forfait vous attire le plus ou quelles sont vos attentes concernant le parcours.  Apr\\u00e8s r\\u00e9ception de vos donn\\u00e9es, je vous contacterai personnellement pour planifier un entretien de prise de contact, sans aucun engagement. Au cours de cet entretien, nous discuterons de vos souhaits, de votre style de vie et des possibilit\\u00e9s qui vous conviennent le mieux. Chaque inscription est trait\\u00e9e avec soin et reste strictement confidentielle.\"}},{\"@type\":\"Question\",\"name\":\"Comment puis-je m\\u2019inscrire en tant que candidat(e) ?\",\"acceptedAnswer\":{\"@type\":\"Answer\",\"text\":\"Souhaitez-vous faire partie du cercle exclusif de candidats de Siinalovespot ? Remplissez le formulaire d\\u2019inscription via ce lien. Notre formulaire d\\u2019inscription nous aide \\u00e0 nous faire une id\\u00e9e pr\\u00e9cise de qui vous \\u00eates, de ce que vous recherchez et des valeurs qui sont importantes pour vous dans une relation. D\\u00e8s que nous aurons re\\u00e7u votre questionnaire rempli, vous serez int\\u00e9gr\\u00e9(e) \\u00e0 notre base de donn\\u00e9es priv\\u00e9e de c\\u00e9libataires soigneusement s\\u00e9lectionn\\u00e9s. Nous ne vous contacterons que si nous sommes convaincus qu\\u2019il existe un(e) partenaire potentiel(le) qui vous corresponde vraiment, avec attention, discr\\u00e9tion et respect de votre vie priv\\u00e9e.\"}},{\"@type\":\"Question\",\"name\":\"Comment fonctionne r\\u00e9ellement le matchmaking ? Un aper\\u00e7u des coulisses de Siinalovespot\",\"acceptedAnswer\":{\"@type\":\"Answer\",\"text\":\"Le matchmaking chez Siinalovespot n\\u2019est pas une formule rapide ou standard. C\\u2019est un processus personnel et minutieux qui commence par un \\u00e9l\\u00e9ment important : l\\u2019attention. Derri\\u00e8re chaque rencontre se cachent du temps, une vision et un int\\u00e9r\\u00eat sinc\\u00e8re pour qui vous \\u00eates r\\u00e9ellement.  Le parcours commence par un entretien confidentiel, au cours duquel nous approfondissons votre style de vie, vos valeurs et vos attentes. Cet entretien constitue la base de tout ce qui suit, c\\u2019est le moment o\\u00f9 j\\u2019apprends \\u00e0 vous conna\\u00eetre au-del\\u00e0 du superficiel. Vient ensuite la phase de s\\u00e9lection, au cours de laquelle je s\\u00e9lectionne manuellement des candidats dans un r\\u00e9seau priv\\u00e9 de personnes partageant les m\\u00eames id\\u00e9es. Pas d\\u2019algorithmes, mais de l\\u2019intuition, de l\\u2019exp\\u00e9rience et une compr\\u00e9hension de la connexion humaine. Lorsqu\\u2019il y a une correspondance possible, une pr\\u00e9sentation est soigneusement planifi\\u00e9e. Il peut s\\u2019agir d\\u2019une rencontre personnelle dans un cadre discret, ou d\\u2019une premi\\u00e8re conversation en ligne, selon ce qui vous convient le mieux. Chaque d\\u00e9tail est adapt\\u00e9 \\u00e0 votre confort et \\u00e0 votre rythme.  Apr\\u00e8s la rencontre, il y a un moment de r\\u00e9flexion : une conversation honn\\u00eate sur ce que vous avez ressenti, ce que vous avez remarqu\\u00e9 et s\\u2019il y a quelque chose qui m\\u00e9rite d\\u2019\\u00eatre approfondi. Ce suivi fait la diff\\u00e9rence entre des rencontres occasionnelles et la construction sinc\\u00e8re de quelque chose de durable. Chez Siinalovespot, le matchmaking est synonyme de qualit\\u00e9, de confiance et de raffinement \\u00e9motionnel. Il ne s\\u2019agit pas seulement de trouver quelqu\\u2019un, il s\\u2019agit de d\\u00e9couvrir qui vous correspond vraiment, \\u00e0 tous les niveaux de la vie.\"}}]}<\/script>\n\t\t\t\t\t\t\t<\/div>\n\t\t\t\t<\/div>\n\t\t\t\t\t<\/div>\n\t\t\t\t<\/div>\n\t\t<div class=\"elementor-element elementor-element-4cce21a e-flex e-con-boxed e-con e-parent\" data-id=\"4cce21a\" data-element_type=\"container\" data-e-type=\"container\" data-settings=\"{&quot;background_background&quot;:&quot;classic&quot;}\">\n\t\t\t\t\t<div class=\"e-con-inner\">\n\t\t<div class=\"elementor-element elementor-element-0efc05e e-con-full e-flex e-con e-child\" data-id=\"0efc05e\" data-element_type=\"container\" data-e-type=\"container\">\n\t\t\t\t<div class=\"elementor-element elementor-element-a091f1b elementor-widget elementor-widget-heading\" data-id=\"a091f1b\" data-element_type=\"widget\" data-e-type=\"widget\" data-widget_type=\"heading.default\">\n\t\t\t\t\t<h3 class=\"elementor-heading-title elementor-size-default\">Matchmaking et coaching<\/h3>\t\t\t\t<\/div>\n\t\t\t\t<div class=\"elementor-element elementor-element-520f215 elementor-widget elementor-widget-heading\" data-id=\"520f215\" data-element_type=\"widget\" data-e-type=\"widget\" data-widget_type=\"heading.default\">\n\t\t\t\t\t<h2 class=\"elementor-heading-title elementor-size-default\">Pr\u00eat(e) \u00e0 prendre l'amour au s\u00e9rieux ?<\/h2>\t\t\t\t<\/div>\n\t\t\t\t<div class=\"elementor-element elementor-element-e0c71fd elementor-mobile-align-justify elementor-widget-mobile__width-inherit elementor-widget elementor-widget-button\" data-id=\"e0c71fd\" data-element_type=\"widget\" data-e-type=\"widget\" data-widget_type=\"button.default\">\n\t\t\t\t\t\t\t\t\t\t<a class=\"elementor-button elementor-button-link elementor-size-sm\" href=\"https:\/\/siinalovespot.com\/fr\/prendre-rendez-vous\/\">\n\t\t\t\t\t\t<span class=\"elementor-button-content-wrapper\">\n\t\t\t\t\t\t<span class=\"elementor-button-icon\">\n\t\t\t\t<svg xmlns=\"http:\/\/www.w3.org\/2000\/svg\" id=\"Laag_1\" data-name=\"Laag 1\" viewBox=\"0 0 14.71 11.05\"><polygon points=\"9.18 0 8.47 .71 12.79 5.03 0 5.03 0 6.03 12.79 6.03 8.47 10.35 9.18 11.05 14.71 5.53 9.18 0\"><\/polygon><\/svg>\t\t\t<\/span>\n\t\t\t\t\t\t\t\t\t<span class=\"elementor-button-text\">Prendre rendez-vous<\/span>\n\t\t\t\t\t<\/span>\n\t\t\t\t\t<\/a>\n\t\t\t\t\t\t\t\t<\/div>\n\t\t\t\t<\/div>\n\t\t\t\t\t<\/div>\n\t\t\t\t<\/div>\n\t\t\t\t<\/div>\n\t\t","protected":false},"excerpt":{"rendered":"<p>Tout ce que vous devez savoir Questions fr\u00e9quemment pos\u00e9es Vous avez une question sur Siinalovespot ? Vous trouverez ici les r\u00e9ponses aux questions les plus fr\u00e9quemment pos\u00e9es. FAQ Questions fr\u00e9quemment pos\u00e9es Comment puis-je m\u2019inscrire \u00e0 la Siinalovespotshow ? S\u2019inscrire \u00e0 la Siinalovespot Show est simple et enti\u00e8rement sans engagement. Renseignez vos informations de r\u00e9seaux sociaux [&hellip;]<\/p>\n","protected":false},"author":1,"featured_media":0,"parent":0,"menu_order":0,"comment_status":"closed","ping_status":"closed","template":"","meta":{"footnotes":""},"class_list":["post-908","page","type-page","status-publish","hentry"],"_links":{"self":[{"href":"https:\/\/siinalovespot.com\/fr\/wp-json\/wp\/v2\/pages\/908","targetHints":{"allow":["GET"]}}],"collection":[{"href":"https:\/\/siinalovespot.com\/fr\/wp-json\/wp\/v2\/pages"}],"about":[{"href":"https:\/\/siinalovespot.com\/fr\/wp-json\/wp\/v2\/types\/page"}],"author":[{"embeddable":true,"href":"https:\/\/siinalovespot.com\/fr\/wp-json\/wp\/v2\/users\/1"}],"replies":[{"embeddable":true,"href":"https:\/\/siinalovespot.com\/fr\/wp-json\/wp\/v2\/comments?post=908"}],"version-history":[{"count":1,"href":"https:\/\/siinalovespot.com\/fr\/wp-json\/wp\/v2\/pages\/908\/revisions"}],"predecessor-version":[{"id":910,"href":"https:\/\/siinalovespot.com\/fr\/wp-json\/wp\/v2\/pages\/908\/revisions\/910"}],"wp:attachment":[{"href":"https:\/\/siinalovespot.com\/fr\/wp-json\/wp\/v2\/media?parent=908"}],"curies":[{"name":"wp","href":"https:\/\/api.w.org\/{rel}","templated":true}]}}